{"id":2714,"date":"2025-09-22T14:50:56","date_gmt":"2025-09-22T11:50:56","guid":{"rendered":"https:\/\/new.mdrek.com\/?post_type=product&#038;p=2714"},"modified":"2025-09-22T14:50:56","modified_gmt":"2025-09-22T11:50:56","slug":"the-arabian-oral-histoical-narative","status":"publish","type":"product","link":"https:\/\/new.mdrek.com\/en\/product\/the-arabian-oral-histoical-narative\/","title":{"rendered":"The Arabian Oral Histoical Narative"},"content":{"rendered":"<div>This work consists of three parts: the corpus, the analysis of the corpus and the glossary. The corpus, which forms the second part of the work, is a transliterated and translated, long oral narrative, or, as the Arabians call it, s\u0101lfih. This s\u0101lfih is a sample chosen from hundreds of hours of narratives and poems collected in the field.<\/div>\n<div><\/div>\n<div>The analysis of the s\u0101lfih takes up the first part of this work. It consists of several chapters, the first of which gives a summary of the s\u0101lfih and its historical context. The following chapter outlines the steps taken in the collecting of the s\u0101lfih and preparing it for publication. The remaining chapters analyze the language and style of the s\u0101lfih and examine the historical and ethnographic value of this oral narrative genre. The final chapter of the first part deals with the translation of the text and the compilation of the glossary which forms the last part of this work.<\/div>\n<div>The analytical part is the outcome of a process, the result of an attempt to think through and appreciate this oral data. The point of departure for the analytic part is mainly aesthetic. How to present to a non-Bedouin reader Bedouin oral narrative and poetry, not merely as a linguistic corpus, but as a vital and vibrant work of art! How to lead the uninitiated into the aesthetic and cultural universe of the desert nomad! It took a great deal of thinking and working on my part to teach myself how to perceive beauty and interpret art as the Bedouin would. This work is, in a sense, a document of this process of discovery, not to claim that I am totally content with the final result. The s\u0101lfih serves to illuminate its associated poem. With apologies to the r\u0101wis, this work is a s\u0101lfih of the s\u0101lfih<\/div>\n","protected":false},"excerpt":{"rendered":"<p>This work consists of three parts: the corpus, the analysis of the corpus and the glossary. The corpus, which forms the second part of the work, is a transliterated and translated, long oral narrative, or, as the Arabians call it, s\u0101lfih. This s\u0101lfih is a sample chosen from hundreds of hours of narratives and poems [&hellip;]<\/p>\n","protected":false},"featured_media":2717,"comment_status":"open","ping_status":"closed","template":"","meta":{"_acf_changed":false},"product_brand":[],"product_cat":[110],"product_tag":[372],"class_list":{"0":"post-2714","1":"product","2":"type-product","3":"status-publish","4":"has-post-thumbnail","6":"product_cat-110","7":"product_tag-372","9":"first","10":"instock","11":"taxable","12":"shipping-taxable","13":"purchasable","14":"product-type-simple"},"acf":[],"_links":{"self":[{"href":"https:\/\/new.mdrek.com\/en\/wp-json\/wp\/v2\/product\/2714","targetHints":{"allow":["GET"]}}],"collection":[{"href":"https:\/\/new.mdrek.com\/en\/wp-json\/wp\/v2\/product"}],"about":[{"href":"https:\/\/new.mdrek.com\/en\/wp-json\/wp\/v2\/types\/product"}],"replies":[{"embeddable":true,"href":"https:\/\/new.mdrek.com\/en\/wp-json\/wp\/v2\/comments?post=2714"}],"wp:featuredmedia":[{"embeddable":true,"href":"https:\/\/new.mdrek.com\/en\/wp-json\/wp\/v2\/media\/2717"}],"wp:attachment":[{"href":"https:\/\/new.mdrek.com\/en\/wp-json\/wp\/v2\/media?parent=2714"}],"wp:term":[{"taxonomy":"product_brand","embeddable":true,"href":"https:\/\/new.mdrek.com\/en\/wp-json\/wp\/v2\/product_brand?post=2714"},{"taxonomy":"product_cat","embeddable":true,"href":"https:\/\/new.mdrek.com\/en\/wp-json\/wp\/v2\/product_cat?post=2714"},{"taxonomy":"product_tag","embeddable":true,"href":"https:\/\/new.mdrek.com\/en\/wp-json\/wp\/v2\/product_tag?post=2714"}],"curies":[{"name":"wp","href":"https:\/\/api.w.org\/{rel}","templated":true}]}}